{"id":693,"date":"2021-12-13T07:32:44","date_gmt":"2021-12-13T07:32:44","guid":{"rendered":"http:\/\/extravagantgrace.razlightprod.com\/?page_id=693"},"modified":"2022-01-11T14:30:31","modified_gmt":"2022-01-11T14:30:31","slug":"order-my-book","status":"publish","type":"page","link":"https:\/\/extravagantgrace.razlightprod.com\/fr\/order-my-book\/","title":{"rendered":"Acheter Un Livre"},"content":{"rendered":"<div data-elementor-type=\"wp-page\" data-elementor-id=\"693\" class=\"elementor elementor-693\">\n\t\t\t\t\t\t<section class=\"elementor-section elementor-top-section elementor-element elementor-element-1834c677 elementor-section-height-min-height ct-section-stretched elementor-section-boxed elementor-section-height-default elementor-section-items-middle\" data-id=\"1834c677\" data-element_type=\"section\" data-settings=\"{&quot;background_background&quot;:&quot;classic&quot;}\">\n\t\t\t\t\t\t\t<div class=\"elementor-background-overlay\"><\/div>\n\t\t\t\t\t\t\t<div class=\"elementor-container elementor-column-gap-default\">\n\t\t\t\t\t<div class=\"elementor-column elementor-col-100 elementor-top-column elementor-element elementor-element-1131e31e\" data-id=\"1131e31e\" data-element_type=\"column\">\n\t\t\t<div class=\"elementor-widget-wrap elementor-element-populated\">\n\t\t\t\t\t\t<div class=\"elementor-element elementor-element-4d808d2d premium-atext__switch elementor-widget elementor-widget-premium-addon-fancy-text\" data-id=\"4d808d2d\" data-element_type=\"widget\" data-widget_type=\"premium-addon-fancy-text.default\">\n\t\t\t\t<div class=\"elementor-widget-container\">\n\t\t\t\t\t\t\t<div class=\"premium-atext__wrapper premium-atext__typing\" data-start-effect=\"page_load\" data-settings=\"{&quot;effect&quot;:&quot;typing&quot;,&quot;strings&quot;:[&quot;Books&quot;],&quot;typeSpeed&quot;:200,&quot;backSpeed&quot;:200,&quot;startDelay&quot;:60,&quot;backDelay&quot;:80,&quot;showCursor&quot;:true,&quot;loop&quot;:true,&quot;loading&quot;:false,&quot;style&quot;:&quot;switch&quot;}\">\n\n\t\t\t<h3 class=\"premium-atext__headline\">\n\t\t\t\n\t\t\t\t\t\t<span class=\"premium-atext__text\"><\/span>\n\t\t\n\t\t\t\n\t\t\t\n\t\t\t<\/h3>\n\t\t<\/div>\n\t\t\t\t\t\t<\/div>\n\t\t\t\t<\/div>\n\t\t\t\t\t<\/div>\n\t\t<\/div>\n\t\t\t\t\t<\/div>\n\t\t<\/section>\n\t\t\t\t<section class=\"elementor-section elementor-top-section elementor-element elementor-element-409082ac elementor-section-content-middle elementor-section-boxed elementor-section-height-default elementor-section-height-default\" data-id=\"409082ac\" data-element_type=\"section\">\n\t\t\t\t\t\t<div class=\"elementor-container elementor-column-gap-no\">\n\t\t\t\t\t<div class=\"elementor-column elementor-col-100 elementor-top-column elementor-element elementor-element-c0a0ebe\" data-id=\"c0a0ebe\" data-element_type=\"column\">\n\t\t\t<div class=\"elementor-widget-wrap elementor-element-populated\">\n\t\t\t\t\t\t<div class=\"elementor-element elementor-element-26b0b8c7 elementor-widget elementor-widget-heading\" data-id=\"26b0b8c7\" data-element_type=\"widget\" data-widget_type=\"heading.default\">\n\t\t\t\t<div class=\"elementor-widget-container\">\n\t\t\t\t\t<h4 class=\"elementor-heading-title elementor-size-default\">A propos de ce livre<\/h4>\t\t\t\t<\/div>\n\t\t\t\t<\/div>\n\t\t\t\t<div class=\"elementor-element elementor-element-47dbe9e elementor-widget elementor-widget-text-editor\" data-id=\"47dbe9e\" data-element_type=\"widget\" data-widget_type=\"text-editor.default\">\n\t\t\t\t<div class=\"elementor-widget-container\">\n\t\t\t\t\t\t\t\t\t<p>Si vous saviez que la Gr\u00e2ce de Dieu est\u00a0<strong>\u00e0 votre disposition,<\/strong>pour quoi oseriez-vous croire en Dieu ? Si vous voulez fonder une famille, si vous attendez un enfant, ou si vous avez eu une mauvaise exp\u00e9rience lors de votre derni\u00e8re grossesse\u00a0<strong>sachez<\/strong> que Dieu fait encore des merveilles. Il y a plusieurs ann\u00e9es, la vie de Sandy a chang\u00e9 \u00e0 jamais apr\u00e8s une rencontre avec Dieu.\u00a0<em>Extravagant Grace<\/em>Sandy Bilong vous met ouvertement au d\u00e9fi\u00a0<strong>d\u00e9fi de remettre en question la croyance commune selon<\/strong>\u00a0laquelle la seule fa\u00e7on d'accoucher est de souffrir. Ayant donn\u00e9 naissance quatre fois sans douleur, elle partage son t\u00e9moignage pour que vous puisiez dans la gr\u00e2ce de Dieu. Elle vous invite \u00e0 construire votre foi dans la Gr\u00e2ce Extravagante de Dieu et \u00e0 croire que tout et n'importe quoi est\u00a0<strong>possible<\/strong>Apr\u00e8s avoir lu ce livre, votre foi sera renforc\u00e9e, et\u00a0<strong>votre propre t\u00e9moignage suivra.<\/strong><\/p>\t\t\t\t\t\t\t\t<\/div>\n\t\t\t\t<\/div>\n\t\t\t\t\t<\/div>\n\t\t<\/div>\n\t\t\t\t\t<\/div>\n\t\t<\/section>\n\t\t\t\t<section class=\"elementor-section elementor-top-section elementor-element elementor-element-e3b15d4 elementor-section-boxed elementor-section-height-default elementor-section-height-default\" data-id=\"e3b15d4\" data-element_type=\"section\">\n\t\t\t\t\t\t<div class=\"elementor-container elementor-column-gap-default\">\n\t\t\t\t\t<div class=\"elementor-column elementor-col-100 elementor-top-column elementor-element elementor-element-2606c56\" data-id=\"2606c56\" data-element_type=\"column\">\n\t\t\t<div class=\"elementor-widget-wrap elementor-element-populated\">\n\t\t\t\t\t\t<div class=\"elementor-element elementor-element-4be8667 elementor-widget elementor-widget-image\" data-id=\"4be8667\" data-element_type=\"widget\" data-widget_type=\"image.default\">\n\t\t\t\t<div class=\"elementor-widget-container\">\n\t\t\t\t\t\t\t\t\t\t\t\t\t\t\t<img fetchpriority=\"high\" decoding=\"async\" width=\"2001\" height=\"1002\" src=\"https:\/\/extravagantgrace.razlightprod.com\/wp-content\/uploads\/2021\/12\/WhatsApp-Image-2021-12-13-at-07.14.41.jpeg\" class=\"attachment-full size-full wp-image-1270\" alt=\"\" srcset=\"https:\/\/extravagantgrace.razlightprod.com\/wp-content\/uploads\/2021\/12\/WhatsApp-Image-2021-12-13-at-07.14.41.jpeg 2001w, https:\/\/extravagantgrace.razlightprod.com\/wp-content\/uploads\/2021\/12\/WhatsApp-Image-2021-12-13-at-07.14.41-300x150.jpeg 300w, https:\/\/extravagantgrace.razlightprod.com\/wp-content\/uploads\/2021\/12\/WhatsApp-Image-2021-12-13-at-07.14.41-1024x513.jpeg 1024w, https:\/\/extravagantgrace.razlightprod.com\/wp-content\/uploads\/2021\/12\/WhatsApp-Image-2021-12-13-at-07.14.41-768x385.jpeg 768w, https:\/\/extravagantgrace.razlightprod.com\/wp-content\/uploads\/2021\/12\/WhatsApp-Image-2021-12-13-at-07.14.41-1536x769.jpeg 1536w\" sizes=\"(max-width: 2001px) 100vw, 2001px\" \/>\t\t\t\t\t\t\t\t\t\t\t\t\t\t\t<\/div>\n\t\t\t\t<\/div>\n\t\t\t\t<div class=\"elementor-element elementor-element-57585168 elementor-widget elementor-widget-heading\" data-id=\"57585168\" data-element_type=\"widget\" data-widget_type=\"heading.default\">\n\t\t\t\t<div class=\"elementor-widget-container\">\n\t\t\t\t\t<h2 class=\"elementor-heading-title elementor-size-default\">Pour commander mon livre, cliquez sur le lien ci-dessous<\/h2>\t\t\t\t<\/div>\n\t\t\t\t<\/div>\n\t\t\t\t<div class=\"elementor-element elementor-element-25f6c63 elementor-align-center elementor-widget elementor-widget-elementskit-button\" data-id=\"25f6c63\" data-element_type=\"widget\" data-widget_type=\"elementskit-button.default\">\n\t\t\t\t<div class=\"elementor-widget-container\">\n\t\t\t\t\t<div class=\"ekit-wid-con\" >\t\t<div class=\"ekit-btn-wraper\">\n\t\t\t\t\t\t\t<a href=\"https:\/\/www.amazon.com\/Extravagant-Grace-Birth-Times-Without-ebook\/dp\/B09HSDP47P\/ref=tmm_kin_swatch_0?_encoding=UTF8&#038;qid=1635179346&#038;sr=8-1\" target=\"_blank\" class=\"elementskit-btn  whitespace--normal\" id=\"\">\n\t\t\t\t\tCliquez ici\t\t\t\t<\/a>\n\t\t\t\t\t<\/div>\n        <\/div>\t\t\t\t<\/div>\n\t\t\t\t<\/div>\n\t\t\t\t\t<\/div>\n\t\t<\/div>\n\t\t\t\t\t<\/div>\n\t\t<\/section>\n\t\t\t\t<\/div>","protected":false},"excerpt":{"rendered":"<p>About this book If you knew the Grace of God was\u00a0available to you, what would you dare to believe in God for? If you want to start a family, if you are expecting, or if you have had a bad experience during your last pregnancy,\u00a0know that God is still working wonders. Many years ago, Sandy&#8217;s life changed forever after an encounter with God.\u00a0 In\u00a0Extravagant Grace, Sandy Bilong openly challenges you to\u00a0question the common belief\u00a0that the only way to give birth is through pain. Having given birth four times without pain, she shares her testimony for you to tap into God&#8217;s\u2026<\/p>","protected":false},"author":1,"featured_media":0,"parent":0,"menu_order":0,"comment_status":"closed","ping_status":"closed","template":"","meta":{"footnotes":""},"class_list":["post-693","page","type-page","status-publish","hentry"],"blocksy_meta":{"styles_descriptor":{"styles":{"desktop":"","tablet":"","mobile":""},"google_fonts":[],"version":4}},"_links":{"self":[{"href":"https:\/\/extravagantgrace.razlightprod.com\/fr\/wp-json\/wp\/v2\/pages\/693","targetHints":{"allow":["GET"]}}],"collection":[{"href":"https:\/\/extravagantgrace.razlightprod.com\/fr\/wp-json\/wp\/v2\/pages"}],"about":[{"href":"https:\/\/extravagantgrace.razlightprod.com\/fr\/wp-json\/wp\/v2\/types\/page"}],"author":[{"embeddable":true,"href":"https:\/\/extravagantgrace.razlightprod.com\/fr\/wp-json\/wp\/v2\/users\/1"}],"replies":[{"embeddable":true,"href":"https:\/\/extravagantgrace.razlightprod.com\/fr\/wp-json\/wp\/v2\/comments?post=693"}],"version-history":[{"count":92,"href":"https:\/\/extravagantgrace.razlightprod.com\/fr\/wp-json\/wp\/v2\/pages\/693\/revisions"}],"predecessor-version":[{"id":2418,"href":"https:\/\/extravagantgrace.razlightprod.com\/fr\/wp-json\/wp\/v2\/pages\/693\/revisions\/2418"}],"wp:attachment":[{"href":"https:\/\/extravagantgrace.razlightprod.com\/fr\/wp-json\/wp\/v2\/media?parent=693"}],"curies":[{"name":"wp","href":"https:\/\/api.w.org\/{rel}","templated":true}]}}