{"id":690,"date":"2021-12-13T07:29:54","date_gmt":"2021-12-13T07:29:54","guid":{"rendered":"http:\/\/extravagantgrace.razlightprod.com\/?page_id=690"},"modified":"2022-01-11T12:41:35","modified_gmt":"2022-01-11T12:41:35","slug":"about-the-author","status":"publish","type":"page","link":"https:\/\/extravagantgrace.razlightprod.com\/fr\/about-the-author\/","title":{"rendered":"A propos"},"content":{"rendered":"<div data-elementor-type=\"wp-page\" data-elementor-id=\"690\" class=\"elementor elementor-690\">\n\t\t\t\t\t\t<section class=\"elementor-section elementor-top-section elementor-element elementor-element-72254f3 ct-section-stretched elementor-section-height-min-height elementor-section-boxed elementor-section-height-default elementor-section-items-middle elementor-invisible\" data-id=\"72254f3\" data-element_type=\"section\" data-settings=\"{&quot;background_background&quot;:&quot;classic&quot;,&quot;animation&quot;:&quot;flash&quot;}\">\n\t\t\t\t\t\t\t<div class=\"elementor-background-overlay\"><\/div>\n\t\t\t\t\t\t\t<div class=\"elementor-container elementor-column-gap-default\">\n\t\t\t\t\t<div class=\"elementor-column elementor-col-100 elementor-top-column elementor-element elementor-element-5fde8f7\" data-id=\"5fde8f7\" data-element_type=\"column\">\n\t\t\t<div class=\"elementor-widget-wrap elementor-element-populated\">\n\t\t\t\t\t\t<div class=\"elementor-element elementor-element-ffd5843 animated-slow elementor-invisible elementor-widget elementor-widget-heading\" data-id=\"ffd5843\" data-element_type=\"widget\" data-settings=\"{&quot;_animation&quot;:&quot;zoomInLeft&quot;}\" data-widget_type=\"heading.default\">\n\t\t\t\t<div class=\"elementor-widget-container\">\n\t\t\t\t\t<h2 class=\"elementor-heading-title elementor-size-default\">A propos<\/h2>\t\t\t\t<\/div>\n\t\t\t\t<\/div>\n\t\t\t\t\t<\/div>\n\t\t<\/div>\n\t\t\t\t\t<\/div>\n\t\t<\/section>\n\t\t\t\t<section class=\"elementor-section elementor-top-section elementor-element elementor-element-b0f0ff9 ct-section-stretched elementor-section-height-min-height elementor-section-boxed elementor-section-height-default elementor-section-items-middle\" data-id=\"b0f0ff9\" data-element_type=\"section\">\n\t\t\t\t\t\t<div class=\"elementor-container elementor-column-gap-default\">\n\t\t\t\t\t<div class=\"elementor-column elementor-col-33 elementor-top-column elementor-element elementor-element-94376fe\" data-id=\"94376fe\" data-element_type=\"column\">\n\t\t\t<div class=\"elementor-widget-wrap\">\n\t\t\t\t\t\t\t<\/div>\n\t\t<\/div>\n\t\t\t\t<div class=\"elementor-column elementor-col-33 elementor-top-column elementor-element elementor-element-6343594\" data-id=\"6343594\" data-element_type=\"column\">\n\t\t\t<div class=\"elementor-widget-wrap elementor-element-populated\">\n\t\t\t\t\t\t<div class=\"elementor-element elementor-element-b18338d elementor-widget elementor-widget-text-editor\" data-id=\"b18338d\" data-element_type=\"widget\" data-widget_type=\"text-editor.default\">\n\t\t\t\t<div class=\"elementor-widget-container\">\n\t\t\t\t\t\t\t\t\t<p><span style=\"text-decoration: underline;\"><em><strong>Dans Extravagant Grace ,<\/strong><\/em><\/span> , <strong>Sandy Bilong<\/strong> vous met ouvertement au d\u00e9fi de remettre en question la croyance commune selon laquelle la seule fa\u00e7on d'accoucher est de souffrir. Elle vous invite \u00e0 construire votre foi dans la Gr\u00e2ce Extravagante de Dieu et \u00e0 croire que tout et n'importe quoi est possible. Apr\u00e8s avoir lu ce livre, votre foi s'\u00e9l\u00e8vera et votre propre t\u00e9moignage suivra.<\/p>\t\t\t\t\t\t\t\t<\/div>\n\t\t\t\t<\/div>\n\t\t\t\t\t<\/div>\n\t\t<\/div>\n\t\t\t\t<div class=\"elementor-column elementor-col-33 elementor-top-column elementor-element elementor-element-2e42c68\" data-id=\"2e42c68\" data-element_type=\"column\">\n\t\t\t<div class=\"elementor-widget-wrap elementor-element-populated\">\n\t\t\t\t\t\t<div class=\"elementor-element elementor-element-1d9c5508 elementor-widget elementor-widget-premium-addon-video-box\" data-id=\"1d9c5508\" data-element_type=\"widget\" data-settings=\"{&quot;_animation_mobile&quot;:&quot;none&quot;,&quot;premium_video_box_video_type&quot;:&quot;youtube&quot;,&quot;aspect_ratio&quot;:&quot;169&quot;}\" data-widget_type=\"premium-addon-video-box.default\">\n\t\t\t\t<div class=\"elementor-widget-container\">\n\t\t\t\t\t\n\n\t\t\n\t\t\t\t\t<div data-play-viewport=\"true\" id=\"premium-video-box-container-1d9c5508\" class=\"premium-video-box-container\" data-overlay=\"false\" data-type=\"youtube\" data-thumbnail=\"\" data-hover=\"none\">\n\t\t\t\t<div  >\n\t\t\t\t\t\n\t\t\t\t\t<div class=\"premium-video-box-inner-wrap\" data-video-animation=\" animated-\" data-delay-animation=\"\">\n\t\t\t\t\t\t<div data-src=\"https:\/\/www.youtube.com\/embed\/MMysDfIT-LQ?feature=oembed&amp;rel=0&amp;mute=1&amp;loop=1&amp;controls=0&amp;playsinline=0&amp;autoplay=1&amp;cc_load_policy=0&amp;end=27\" class=\"premium-video-box-video-container\">\n\t\t\t\t\t\t\t\n\t\t\t\t\t\t\t\t\t\t\t\t\t<\/div>\n\t\t\t\t\t\t\t<div style=\"background-image:transparent\" class=\"premium-video-box-image-container none\"><\/div>\n\t\t\t\t\t\t\t\t\t\t\t\t\t\t\t\t\t\t\t\t\t\t\t\t\t\t\t\t\t\t\t<\/div>\n\n\t\t\t\t<\/div>\n\t\t\t<\/div>\n\t\t\n\t\t\t\t\t\t<\/div>\n\t\t\t\t<\/div>\n\t\t\t\t\t<\/div>\n\t\t<\/div>\n\t\t\t\t\t<\/div>\n\t\t<\/section>\n\t\t\t\t<section class=\"elementor-section elementor-top-section elementor-element elementor-element-ae1a3d0 ct-section-stretched elementor-section-height-min-height elementor-section-boxed elementor-section-height-default elementor-section-items-middle\" data-id=\"ae1a3d0\" data-element_type=\"section\" data-settings=\"{&quot;background_background&quot;:&quot;classic&quot;}\">\n\t\t\t\t\t\t\t<div class=\"elementor-background-overlay\"><\/div>\n\t\t\t\t\t\t\t<div class=\"elementor-container elementor-column-gap-default\">\n\t\t\t\t\t<div class=\"elementor-column elementor-col-100 elementor-top-column elementor-element elementor-element-83baa31\" data-id=\"83baa31\" data-element_type=\"column\">\n\t\t\t<div class=\"elementor-widget-wrap elementor-element-populated\">\n\t\t\t\t\t\t<section class=\"elementor-section elementor-inner-section elementor-element elementor-element-cd7d774 elementor-section-boxed elementor-section-height-default elementor-section-height-default\" data-id=\"cd7d774\" data-element_type=\"section\">\n\t\t\t\t\t\t<div class=\"elementor-container elementor-column-gap-default\">\n\t\t\t\t\t<div class=\"elementor-column elementor-col-100 elementor-inner-column elementor-element elementor-element-fdafbb2\" data-id=\"fdafbb2\" data-element_type=\"column\">\n\t\t\t<div class=\"elementor-widget-wrap elementor-element-populated\">\n\t\t\t\t\t\t<div class=\"elementor-element elementor-element-4ca030d elementor-widget elementor-widget-heading\" data-id=\"4ca030d\" data-element_type=\"widget\" data-widget_type=\"heading.default\">\n\t\t\t\t<div class=\"elementor-widget-container\">\n\t\t\t\t\t<h2 class=\"elementor-heading-title elementor-size-default\">Mon histoire<\/h2>\t\t\t\t<\/div>\n\t\t\t\t<\/div>\n\t\t\t\t<div class=\"elementor-element elementor-element-2fc5701 elementor-widget elementor-widget-text-editor\" data-id=\"2fc5701\" data-element_type=\"widget\" data-widget_type=\"text-editor.default\">\n\t\t\t\t<div class=\"elementor-widget-container\">\n\t\t\t\t\t\t\t\t\t<p>Un jour, j'ai vu ma s\u0153ur souffrir \u00e9norm\u00e9ment pendant le travail et sur le point d'accoucher.... c'\u00e9tait bien avant que je me marie et que j'envisage d'avoir mes propres enfants. J'\u00e9tais traumatis\u00e9e ! Quelques ann\u00e9es plus tard, alors que j'\u00e9tais enceinte de mon premier enfant, une camarade de classe de l'\u00e9cole biblique m'a racont\u00e9 qu'elle avait cru en Dieu pour un accouchement sans douleur et que cela s'\u00e9tait produit. J'ai d\u00e9cid\u00e9 de croire en la gr\u00e2ce de Dieu comme cette dame et j'ai accouch\u00e9 de mes b\u00e9b\u00e9s sans douleur quatre fois ! C'\u00e9tait mon r\u00e9veil ! Je suis toujours attrist\u00e9e de voir que de nombreuses femmes enceintes vivent des accouchements douloureux, alors que la gr\u00e2ce de Dieu est disponible. Aujourd'hui, je veux partager mon exp\u00e9rience avec autant de femmes et leur syst\u00e8me de soutien que possible et transf\u00e9rer la gr\u00e2ce que j'ai re\u00e7ue, afin de soulager leur douleur dans tous les aspects de leur vie, en particulier dans l'accouchement, la parentalit\u00e9 ... et laisser un h\u00e9ritage impressionnant aux g\u00e9n\u00e9rations \u00e0 venir.<\/p>\t\t\t\t\t\t\t\t<\/div>\n\t\t\t\t<\/div>\n\t\t\t\t\t<\/div>\n\t\t<\/div>\n\t\t\t\t\t<\/div>\n\t\t<\/section>\n\t\t\t\t\t<\/div>\n\t\t<\/div>\n\t\t\t\t\t<\/div>\n\t\t<\/section>\n\t\t\t\t<section class=\"elementor-section elementor-top-section elementor-element elementor-element-46e9e70d elementor-section-boxed elementor-section-height-default elementor-section-height-default\" data-id=\"46e9e70d\" data-element_type=\"section\" data-settings=\"{&quot;background_background&quot;:&quot;classic&quot;}\">\n\t\t\t\t\t\t<div class=\"elementor-container elementor-column-gap-default\">\n\t\t\t\t\t<div class=\"elementor-column elementor-col-100 elementor-top-column elementor-element elementor-element-7fa15044\" data-id=\"7fa15044\" data-element_type=\"column\">\n\t\t\t<div class=\"elementor-widget-wrap elementor-element-populated\">\n\t\t\t\t\t\t<section class=\"elementor-section elementor-inner-section elementor-element elementor-element-3b8065b6 elementor-section-boxed elementor-section-height-default elementor-section-height-default\" data-id=\"3b8065b6\" data-element_type=\"section\">\n\t\t\t\t\t\t<div class=\"elementor-container elementor-column-gap-default\">\n\t\t\t\t\t<div class=\"elementor-column elementor-col-25 elementor-inner-column elementor-element elementor-element-3335674d\" data-id=\"3335674d\" data-element_type=\"column\">\n\t\t\t<div class=\"elementor-widget-wrap elementor-element-populated\">\n\t\t\t\t\t\t<div class=\"elementor-element elementor-element-309b9aa6 animated-slow elementor-invisible elementor-widget elementor-widget-heading\" data-id=\"309b9aa6\" data-element_type=\"widget\" data-settings=\"{&quot;_animation&quot;:&quot;fadeIn&quot;}\" data-widget_type=\"heading.default\">\n\t\t\t\t<div class=\"elementor-widget-container\">\n\t\t\t\t\t<h1 class=\"elementor-heading-title elementor-size-default\">Ma vision<\/h1>\t\t\t\t<\/div>\n\t\t\t\t<\/div>\n\t\t\t\t<div class=\"elementor-element elementor-element-646ab1c8 elementor-invisible elementor-widget elementor-widget-text-editor\" data-id=\"646ab1c8\" data-element_type=\"widget\" data-settings=\"{&quot;_animation&quot;:&quot;fadeIn&quot;}\" data-widget_type=\"text-editor.default\">\n\t\t\t\t<div class=\"elementor-widget-container\">\n\t\t\t\t\t\t\t\t\t<p>Ma vision est de changer l'\u00e9tat d'esprit concernant la nature douloureuse de l'accouchement parmi les femmes et la soci\u00e9t\u00e9 en g\u00e9n\u00e9ral par tous les moyens qui seront disponibles.<\/p>\t\t\t\t\t\t\t\t<\/div>\n\t\t\t\t<\/div>\n\t\t\t\t<div class=\"elementor-element elementor-element-3a8c1882 animated-slow elementor-invisible elementor-widget elementor-widget-heading\" data-id=\"3a8c1882\" data-element_type=\"widget\" data-settings=\"{&quot;_animation&quot;:&quot;fadeIn&quot;}\" data-widget_type=\"heading.default\">\n\t\t\t\t<div class=\"elementor-widget-container\">\n\t\t\t\t\t<h1 class=\"elementor-heading-title elementor-size-default\">Mon objectif<\/h1>\t\t\t\t<\/div>\n\t\t\t\t<\/div>\n\t\t\t\t<div class=\"elementor-element elementor-element-2b7beb41 elementor-invisible elementor-widget elementor-widget-text-editor\" data-id=\"2b7beb41\" data-element_type=\"widget\" data-settings=\"{&quot;_animation&quot;:&quot;fadeIn&quot;}\" data-widget_type=\"text-editor.default\">\n\t\t\t\t<div class=\"elementor-widget-container\">\n\t\t\t\t\t\t\t\t\t<p>Mon but est de contaminer les personnes qui m'entourent avec la m\u00eame Gr\u00e2ce que celle que j'ai re\u00e7ue.<\/p>\t\t\t\t\t\t\t\t<\/div>\n\t\t\t\t<\/div>\n\t\t\t\t<div class=\"elementor-element elementor-element-123af42c animated-slow elementor-invisible elementor-widget elementor-widget-heading\" data-id=\"123af42c\" data-element_type=\"widget\" data-settings=\"{&quot;_animation&quot;:&quot;fadeIn&quot;}\" data-widget_type=\"heading.default\">\n\t\t\t\t<div class=\"elementor-widget-container\">\n\t\t\t\t\t<h1 class=\"elementor-heading-title elementor-size-default\">Ma conviction<\/h1>\t\t\t\t<\/div>\n\t\t\t\t<\/div>\n\t\t\t\t<div class=\"elementor-element elementor-element-4f6c0bae elementor-invisible elementor-widget elementor-widget-text-editor\" data-id=\"4f6c0bae\" data-element_type=\"widget\" data-settings=\"{&quot;_animation&quot;:&quot;fadeIn&quot;}\" data-widget_type=\"text-editor.default\">\n\t\t\t\t<div class=\"elementor-widget-container\">\n\t\t\t\t\t\t\t\t\t<p>Je crois qu'avec Dieu, tout est possible car je l'ai vu dans ma vie, et c'est \u00e9crit dans sa Parole, la Sainte Bible.<\/p>\t\t\t\t\t\t\t\t<\/div>\n\t\t\t\t<\/div>\n\t\t\t\t\t<\/div>\n\t\t<\/div>\n\t\t\t\t<div class=\"elementor-column elementor-col-50 elementor-inner-column elementor-element elementor-element-6dddb465\" data-id=\"6dddb465\" data-element_type=\"column\">\n\t\t\t<div class=\"elementor-widget-wrap elementor-element-populated\">\n\t\t\t\t\t\t<div class=\"elementor-element elementor-element-16f26ee7 elementor-widget elementor-widget-image\" data-id=\"16f26ee7\" data-element_type=\"widget\" data-widget_type=\"image.default\">\n\t\t\t\t<div class=\"elementor-widget-container\">\n\t\t\t\t\t\t\t\t\t\t\t\t\t\t\t<img fetchpriority=\"high\" decoding=\"async\" width=\"1024\" height=\"1024\" src=\"https:\/\/extravagantgrace.razlightprod.com\/wp-content\/uploads\/2022\/01\/WhatsApp-Image-2021-12-24-at-08.12.png\" class=\"attachment-full size-full wp-image-1865\" alt=\"\" srcset=\"https:\/\/extravagantgrace.razlightprod.com\/wp-content\/uploads\/2022\/01\/WhatsApp-Image-2021-12-24-at-08.12.png 1024w, https:\/\/extravagantgrace.razlightprod.com\/wp-content\/uploads\/2022\/01\/WhatsApp-Image-2021-12-24-at-08.12-300x300.png 300w, https:\/\/extravagantgrace.razlightprod.com\/wp-content\/uploads\/2022\/01\/WhatsApp-Image-2021-12-24-at-08.12-150x150.png 150w, https:\/\/extravagantgrace.razlightprod.com\/wp-content\/uploads\/2022\/01\/WhatsApp-Image-2021-12-24-at-08.12-768x768.png 768w, https:\/\/extravagantgrace.razlightprod.com\/wp-content\/uploads\/2022\/01\/WhatsApp-Image-2021-12-24-at-08.12-100x100.png 100w\" sizes=\"(max-width: 1024px) 100vw, 1024px\" \/>\t\t\t\t\t\t\t\t\t\t\t\t\t\t\t<\/div>\n\t\t\t\t<\/div>\n\t\t\t\t<div class=\"elementor-element elementor-element-31e5c13 animated-fast elementor-align-center elementor-invisible elementor-widget elementor-widget-button\" data-id=\"31e5c13\" data-element_type=\"widget\" data-settings=\"{&quot;_animation&quot;:&quot;fadeIn&quot;}\" data-widget_type=\"button.default\">\n\t\t\t\t<div class=\"elementor-widget-container\">\n\t\t\t\t\t\t\t\t\t<div class=\"elementor-button-wrapper\">\n\t\t\t\t\t<a class=\"elementor-button elementor-button-link elementor-size-sm\" href=\"https:\/\/www.amazon.com\/Extravagant-Grace-Birth-Times-Without-ebook\/dp\/B09HSDP47P\/ref=tmm_kin_swatch_0?_encoding=UTF8&#038;qid=1635179346&#038;sr=8-1\">\n\t\t\t\t\t\t<span class=\"elementor-button-content-wrapper\">\n\t\t\t\t\t\t\t\t\t<span class=\"elementor-button-text\">Acheter maintenant<\/span>\n\t\t\t\t\t<\/span>\n\t\t\t\t\t<\/a>\n\t\t\t\t<\/div>\n\t\t\t\t\t\t\t\t<\/div>\n\t\t\t\t<\/div>\n\t\t\t\t\t<\/div>\n\t\t<\/div>\n\t\t\t\t<div class=\"elementor-column elementor-col-25 elementor-inner-column elementor-element elementor-element-24405cd3\" data-id=\"24405cd3\" data-element_type=\"column\">\n\t\t\t<div class=\"elementor-widget-wrap elementor-element-populated\">\n\t\t\t\t\t\t<div class=\"elementor-element elementor-element-4120fceb animated-slow elementor-invisible elementor-widget elementor-widget-heading\" data-id=\"4120fceb\" data-element_type=\"widget\" data-settings=\"{&quot;_animation&quot;:&quot;fadeIn&quot;}\" data-widget_type=\"heading.default\">\n\t\t\t\t<div class=\"elementor-widget-container\">\n\t\t\t\t\t<h1 class=\"elementor-heading-title elementor-size-default\">Ma mission<\/h1>\t\t\t\t<\/div>\n\t\t\t\t<\/div>\n\t\t\t\t<div class=\"elementor-element elementor-element-2f3c5111 elementor-invisible elementor-widget elementor-widget-text-editor\" data-id=\"2f3c5111\" data-element_type=\"widget\" data-settings=\"{&quot;_animation&quot;:&quot;fadeIn&quot;}\" data-widget_type=\"text-editor.default\">\n\t\t\t\t<div class=\"elementor-widget-container\">\n\t\t\t\t\t\t\t\t\t<p>Ma mission est de d\u00e9bloquer, d'allumer et de faire ressortir le potentiel de la jeune g\u00e9n\u00e9ration, afin de transformer leur vie et d'\u00e9clairer le monde.<\/p>\t\t\t\t\t\t\t\t<\/div>\n\t\t\t\t<\/div>\n\t\t\t\t<div class=\"elementor-element elementor-element-63459457 animated-slow elementor-invisible elementor-widget elementor-widget-heading\" data-id=\"63459457\" data-element_type=\"widget\" data-settings=\"{&quot;_animation&quot;:&quot;fadeIn&quot;}\" data-widget_type=\"heading.default\">\n\t\t\t\t<div class=\"elementor-widget-container\">\n\t\t\t\t\t<h1 class=\"elementor-heading-title elementor-size-default\">Mon identit\u00e9<\/h1>\t\t\t\t<\/div>\n\t\t\t\t<\/div>\n\t\t\t\t<div class=\"elementor-element elementor-element-746680e7 elementor-invisible elementor-widget elementor-widget-text-editor\" data-id=\"746680e7\" data-element_type=\"widget\" data-settings=\"{&quot;_animation&quot;:&quot;fadeIn&quot;}\" data-widget_type=\"text-editor.default\">\n\t\t\t\t<div class=\"elementor-widget-container\">\n\t\t\t\t\t\t\t\t\t<p>Mon identit\u00e9 se r\u00e9sume en ces mots : s\u00fbr de moi, amical, joyeux, mentor, influenceur, conseiller.<\/p>\t\t\t\t\t\t\t\t<\/div>\n\t\t\t\t<\/div>\n\t\t\t\t<div class=\"elementor-element elementor-element-ad91ccf animated-slow elementor-invisible elementor-widget elementor-widget-heading\" data-id=\"ad91ccf\" data-element_type=\"widget\" data-settings=\"{&quot;_animation&quot;:&quot;fadeIn&quot;}\" data-widget_type=\"heading.default\">\n\t\t\t\t<div class=\"elementor-widget-container\">\n\t\t\t\t\t<h1 class=\"elementor-heading-title elementor-size-default\">Mes valeurs<\/h1>\t\t\t\t<\/div>\n\t\t\t\t<\/div>\n\t\t\t\t<div class=\"elementor-element elementor-element-5c0a7c54 elementor-invisible elementor-widget elementor-widget-text-editor\" data-id=\"5c0a7c54\" data-element_type=\"widget\" data-settings=\"{&quot;_animation&quot;:&quot;fadeIn&quot;}\" data-widget_type=\"text-editor.default\">\n\t\t\t\t<div class=\"elementor-widget-container\">\n\t\t\t\t\t\t\t\t\t<p>Dignit\u00e9, int\u00e9grit\u00e9, foi, excellence, travail acharn\u00e9, flexibilit\u00e9 avec le Saint-Esprit.<\/p>\t\t\t\t\t\t\t\t<\/div>\n\t\t\t\t<\/div>\n\t\t\t\t\t<\/div>\n\t\t<\/div>\n\t\t\t\t\t<\/div>\n\t\t<\/section>\n\t\t\t\t\t<\/div>\n\t\t<\/div>\n\t\t\t\t\t<\/div>\n\t\t<\/section>\n\t\t\t\t<\/div>","protected":false},"excerpt":{"rendered":"<p>About the author In Extravagant Grace , Sandy Bilong openly challenges you to question the common belief that the only way to give birth is through pain. She invites you to build your faith in the Extravagant Grace of God and believe that anything and everything is possible. After reading this book, your faith will be uplifted, and your own testimony will follow. My story One day, I saw my sister suffering so much while in labor and about to give birth\u2026. that was way before I got married and even considered having my own children. I was traumatized !\u2026<\/p>","protected":false},"author":1,"featured_media":0,"parent":0,"menu_order":0,"comment_status":"closed","ping_status":"closed","template":"","meta":{"footnotes":""},"class_list":["post-690","page","type-page","status-publish","hentry"],"blocksy_meta":{"styles_descriptor":{"styles":{"desktop":"","tablet":"","mobile":""},"google_fonts":[],"version":4}},"_links":{"self":[{"href":"https:\/\/extravagantgrace.razlightprod.com\/fr\/wp-json\/wp\/v2\/pages\/690","targetHints":{"allow":["GET"]}}],"collection":[{"href":"https:\/\/extravagantgrace.razlightprod.com\/fr\/wp-json\/wp\/v2\/pages"}],"about":[{"href":"https:\/\/extravagantgrace.razlightprod.com\/fr\/wp-json\/wp\/v2\/types\/page"}],"author":[{"embeddable":true,"href":"https:\/\/extravagantgrace.razlightprod.com\/fr\/wp-json\/wp\/v2\/users\/1"}],"replies":[{"embeddable":true,"href":"https:\/\/extravagantgrace.razlightprod.com\/fr\/wp-json\/wp\/v2\/comments?post=690"}],"version-history":[{"count":118,"href":"https:\/\/extravagantgrace.razlightprod.com\/fr\/wp-json\/wp\/v2\/pages\/690\/revisions"}],"predecessor-version":[{"id":2376,"href":"https:\/\/extravagantgrace.razlightprod.com\/fr\/wp-json\/wp\/v2\/pages\/690\/revisions\/2376"}],"wp:attachment":[{"href":"https:\/\/extravagantgrace.razlightprod.com\/fr\/wp-json\/wp\/v2\/media?parent=690"}],"curies":[{"name":"wp","href":"https:\/\/api.w.org\/{rel}","templated":true}]}}